{"id":212,"date":"2025-10-21T10:37:38","date_gmt":"2025-10-21T08:37:38","guid":{"rendered":"https:\/\/welesrachunkowosc.pl\/?page_id=212"},"modified":"2025-10-21T10:37:39","modified_gmt":"2025-10-21T08:37:39","slug":"ksef-2","status":"publish","type":"page","link":"https:\/\/welesrachunkowosc.pl\/index.php\/ksef-2\/","title":{"rendered":"KSeF"},"content":{"rendered":"\n<div class=\"wp-block-cover alignfull\" style=\"min-height:300px;aspect-ratio:unset;\"><span aria-hidden=\"true\" class=\"wp-block-cover__background has-nv-site-bg-background-color has-background-dim-100 has-background-dim\"><\/span><div class=\"wp-block-cover__inner-container is-layout-flow wp-block-cover-is-layout-flow\">\n<div class=\"wp-block-group\"><div class=\"wp-block-group__inner-container is-layout-flow wp-block-group-is-layout-flow\">\n<h1 class=\"wp-block-heading has-text-align-left has-neve-text-color-color has-text-color\">Przygotuj si\u0119 na KSeF!<\/h1>\n<\/div><\/div>\n<\/div><\/div>\n\n\n\n<div class=\"wp-block-cover alignfull\" style=\"min-height:600px;aspect-ratio:unset;\"><span aria-hidden=\"true\" class=\"wp-block-cover__background has-nv-light-bg-background-color has-background-dim-100 has-background-dim\"><\/span><div class=\"wp-block-cover__inner-container is-layout-flow wp-block-cover-is-layout-flow\">\n<div class=\"wp-block-group\"><div class=\"wp-block-group__inner-container is-layout-flow wp-block-group-is-layout-flow\">\n<div style=\"height:80px\" aria-hidden=\"true\" class=\"wp-block-spacer\"><\/div>\n\n\n\n<div class=\"wp-block-columns are-vertically-aligned-center is-layout-flex wp-container-core-columns-is-layout-9d6595d7 wp-block-columns-is-layout-flex\">\n<div class=\"wp-block-column is-vertically-aligned-center is-layout-flow wp-block-column-is-layout-flow\" style=\"flex-basis:50%\">\n<figure class=\"wp-block-image size-large\"><img loading=\"lazy\" decoding=\"async\" width=\"1024\" height=\"683\" src=\"http:\/\/welesrachunkowosc.pl\/wp-content\/uploads\/2023\/07\/pexels-karolina-grabowska-7680745-1024x683.jpg\" alt=\"\" class=\"wp-image-56\" srcset=\"https:\/\/welesrachunkowosc.pl\/wp-content\/uploads\/2023\/07\/pexels-karolina-grabowska-7680745-1024x683.jpg 1024w, https:\/\/welesrachunkowosc.pl\/wp-content\/uploads\/2023\/07\/pexels-karolina-grabowska-7680745-300x200.jpg 300w, https:\/\/welesrachunkowosc.pl\/wp-content\/uploads\/2023\/07\/pexels-karolina-grabowska-7680745-768x512.jpg 768w, https:\/\/welesrachunkowosc.pl\/wp-content\/uploads\/2023\/07\/pexels-karolina-grabowska-7680745-1536x1024.jpg 1536w, https:\/\/welesrachunkowosc.pl\/wp-content\/uploads\/2023\/07\/pexels-karolina-grabowska-7680745-930x620.jpg 930w, https:\/\/welesrachunkowosc.pl\/wp-content\/uploads\/2023\/07\/pexels-karolina-grabowska-7680745.jpg 1920w\" sizes=\"auto, (max-width: 1024px) 100vw, 1024px\" \/><\/figure>\n<\/div>\n\n\n\n<div class=\"wp-block-column is-vertically-aligned-center is-layout-flow wp-block-column-is-layout-flow\" style=\"flex-basis:50%\">\n<h2 class=\"wp-block-heading has-neve-text-color-color has-text-color\">Kogo dotyczy KSeF?<\/h2>\n\n\n\n<p class=\"has-neve-text-color-color has-text-color has-medium-font-size\">Tak na prawd\u0119 KSeF (Krajowy System e-Faktur) dotyczy ka\u017cdego przedsi\u0119biorcy w Polsce. R\u00f3\u017cni\u0105 si\u0119 terminy obowi\u0105zku wystawiania faktur w KSeF, ale od 01.02.2025 b\u0119dzie trzeba odbiera\u0107 faktury wystawione w systemie i p\u0142aci\u0107 z u\u017cyciem nr KSeF.<\/p>\n\n\n\n<p class=\"has-neve-text-color-color has-text-color\">\u017beby prawid\u0142owo przygotowa\u0107 si\u0119 do KSeF lepiej nie odk\u0142ada\u0107 wdro\u017cenia na p\u00f3\u017aniej, a ju\u017c na pewno nie na ostatni\u0105 chwil\u0119. A czy Ty jeste\u015b gotowy na KSeF? <\/p>\n<\/div>\n<\/div>\n\n\n\n<div style=\"height:40px\" aria-hidden=\"true\" class=\"wp-block-spacer\"><\/div>\n<\/div><\/div>\n<\/div><\/div>\n\n\n\n<div class=\"wp-block-cover alignfull\" style=\"min-height:600px;aspect-ratio:unset;\"><span aria-hidden=\"true\" class=\"wp-block-cover__background has-nv-dark-bg-background-color has-background-dim-100 has-background-dim\"><\/span><div class=\"wp-block-cover__inner-container is-layout-flow wp-block-cover-is-layout-flow\">\n<div class=\"wp-block-group\"><div class=\"wp-block-group__inner-container is-layout-flow wp-block-group-is-layout-flow\">\n<div style=\"height:80px\" aria-hidden=\"true\" class=\"wp-block-spacer\"><\/div>\n\n\n\n<div class=\"wp-block-columns are-vertically-aligned-center is-layout-flex wp-container-core-columns-is-layout-9d6595d7 wp-block-columns-is-layout-flex\">\n<div class=\"wp-block-column is-vertically-aligned-center is-layout-flow wp-block-column-is-layout-flow\" style=\"flex-basis:50%\">\n<h2 class=\"wp-block-heading has-nv-text-dark-bg-color has-text-color\">Jak Weles pomaga w przygotowaniu na KSeF?<\/h2>\n\n\n\n<p class=\"has-nv-text-dark-bg-color has-text-color\">\u017beby przygotowa\u0107 siebie i naszych kontrahent\u00f3w na KSeF podj\u0119li\u015bmy wsp\u00f3\u0142prac\u0119 z OSCBR. Dzi\u0119ki temu mo\u017cemy zaproponowa\u0107 szkolenia i system do wystawiania faktur, kt\u00f3ry b\u0119dzie sprz\u0119\u017cony z KSeF. Zdecydowali\u015bmy si\u0119 na mOrganizer po przejrzeniu wielu innych rozwi\u0105za\u0144, wybrali\u015bmy go z uwagi na przyjazny interfejs i pomoc specjalist\u00f3w, zar\u00f3wno w kwestiach technicznych jak i prawnych. Przy okazji poszerzyli\u015bmy ofert\u0119 naszego biura &#8211; mo\u017cesz u nas za\u0142o\u017cy\u0107 firm\u0119 z kontem bankowym i mOrganizerem.<\/p>\n\n\n\n<p>Chcesz dowiedzie\u0107 si\u0119 wi\u0119cej o tym rozwi\u0105zaniu?<\/p>\n\n\n\n<div style=\"height:20px\" aria-hidden=\"true\" class=\"wp-block-spacer\"><\/div>\n\n\n\n<div class=\"wp-block-buttons is-layout-flex wp-block-buttons-is-layout-flex\">\n<div class=\"wp-block-button is-style-primary\"><a class=\"wp-block-button__link has-luminous-dusk-gradient-background has-background wp-element-button\" href=\"http:\/\/welesrachunkowosc.pl\/index.php\/contact\/\">Porozmawiajmy jak mo\u017cemy pomoc Tobie<\/a><\/div>\n<\/div>\n\n\n\n<div style=\"height:20px\" aria-hidden=\"true\" class=\"wp-block-spacer\"><\/div>\n<\/div>\n\n\n\n<div class=\"wp-block-column is-vertically-aligned-center is-layout-flow wp-block-column-is-layout-flow\" style=\"flex-basis:50%\">\n<figure class=\"wp-block-image size-large\"><img loading=\"lazy\" decoding=\"async\" width=\"1024\" height=\"683\" src=\"http:\/\/welesrachunkowosc.pl\/wp-content\/uploads\/2023\/07\/pexels-karolina-grabowska-7680738-1024x683.jpg\" alt=\"\" class=\"wp-image-58\" srcset=\"https:\/\/welesrachunkowosc.pl\/wp-content\/uploads\/2023\/07\/pexels-karolina-grabowska-7680738-1024x683.jpg 1024w, https:\/\/welesrachunkowosc.pl\/wp-content\/uploads\/2023\/07\/pexels-karolina-grabowska-7680738-300x200.jpg 300w, https:\/\/welesrachunkowosc.pl\/wp-content\/uploads\/2023\/07\/pexels-karolina-grabowska-7680738-768x512.jpg 768w, https:\/\/welesrachunkowosc.pl\/wp-content\/uploads\/2023\/07\/pexels-karolina-grabowska-7680738-1536x1024.jpg 1536w, https:\/\/welesrachunkowosc.pl\/wp-content\/uploads\/2023\/07\/pexels-karolina-grabowska-7680738-930x620.jpg 930w, https:\/\/welesrachunkowosc.pl\/wp-content\/uploads\/2023\/07\/pexels-karolina-grabowska-7680738.jpg 1920w\" sizes=\"auto, (max-width: 1024px) 100vw, 1024px\" \/><\/figure>\n<\/div>\n<\/div>\n\n\n\n<div style=\"height:40px\" aria-hidden=\"true\" class=\"wp-block-spacer\"><\/div>\n<\/div><\/div>\n<\/div><\/div>\n\n\n\n<div class=\"wp-block-cover alignfull\" style=\"min-height:420px;aspect-ratio:unset;\"><span aria-hidden=\"true\" class=\"wp-block-cover__background has-nv-site-bg-background-color has-background-dim-100 has-background-dim\"><\/span><div class=\"wp-block-cover__inner-container is-layout-flow wp-block-cover-is-layout-flow\">\n<div style=\"height:80px\" aria-hidden=\"true\" class=\"wp-block-spacer\"><\/div>\n\n\n\n<div class=\"wp-block-columns is-layout-flex wp-container-core-columns-is-layout-9d6595d7 wp-block-columns-is-layout-flex\">\n<div class=\"wp-block-column ticss-4ce656f1 is-layout-flow wp-block-column-is-layout-flow\"><div class=\"wp-block-image icon-style is-style-rounded\">\n<figure class=\"aligncenter size-full is-resized\"><img loading=\"lazy\" decoding=\"async\" width=\"512\" height=\"512\" src=\"https:\/\/welesrachunkowosc.pl\/wp-content\/uploads\/2024\/12\/znak-wybory.png\" alt=\"\" class=\"wp-image-183\" style=\"width:48px;height:48px\" srcset=\"https:\/\/welesrachunkowosc.pl\/wp-content\/uploads\/2024\/12\/znak-wybory.png 512w, https:\/\/welesrachunkowosc.pl\/wp-content\/uploads\/2024\/12\/znak-wybory-300x300.png 300w, https:\/\/welesrachunkowosc.pl\/wp-content\/uploads\/2024\/12\/znak-wybory-150x150.png 150w\" sizes=\"auto, (max-width: 512px) 100vw, 512px\" \/><\/figure>\n<\/div>\n\n\n<div style=\"height:24px\" aria-hidden=\"true\" class=\"wp-block-spacer\"><\/div>\n\n\n\n<h3 class=\"wp-block-heading has-text-align-left has-text-align-center has-neve-text-color-color has-text-color\">Od kiedy KSeF?<\/h3>\n\n\n\n<p class=\"has-text-align-left has-neve-text-color-color has-text-color\" style=\"font-size:15px\">01.02.2026 &#8211; dla du\u017cych przedsi\u0119biorc\u00f3w i odbieraj\u0105cych faktury<\/p>\n\n\n\n<p class=\"has-neve-text-color-color has-text-color\" style=\"font-size:15px\">01.04.2026 &#8211; obowi\u0105zkowo dla pozosta\u0142ych przedsi\u0119biorc\u00f3w<\/p>\n\n\n\n<p><\/p>\n\n\n\n<div style=\"height:20px\" aria-hidden=\"true\" class=\"wp-block-spacer\"><\/div>\n<\/div>\n\n\n\n<div class=\"wp-block-column ticss-f6fc7494 is-layout-flow wp-block-column-is-layout-flow\"><div class=\"wp-block-image icon-style is-style-rounded\">\n<figure class=\"aligncenter size-full is-resized\"><img loading=\"lazy\" decoding=\"async\" width=\"512\" height=\"512\" src=\"https:\/\/welesrachunkowosc.pl\/wp-content\/uploads\/2024\/12\/znak-wybory.png\" alt=\"\" class=\"wp-image-183\" style=\"width:48px;height:48px\" srcset=\"https:\/\/welesrachunkowosc.pl\/wp-content\/uploads\/2024\/12\/znak-wybory.png 512w, https:\/\/welesrachunkowosc.pl\/wp-content\/uploads\/2024\/12\/znak-wybory-300x300.png 300w, https:\/\/welesrachunkowosc.pl\/wp-content\/uploads\/2024\/12\/znak-wybory-150x150.png 150w\" sizes=\"auto, (max-width: 512px) 100vw, 512px\" \/><\/figure>\n<\/div>\n\n\n<div style=\"height:24px\" aria-hidden=\"true\" class=\"wp-block-spacer\"><\/div>\n\n\n\n<h3 class=\"wp-block-heading has-text-align-left has-text-align-center has-neve-text-color-color has-text-color\">Dla kogo?<\/h3>\n\n\n\n<p class=\"has-text-align-left has-neve-text-color-color has-text-color\" style=\"font-size:15px\">Dla wszystkich przedsi\u0119biorc\u00f3w, kt\u00f3rzy wystawiaj\u0105 lub odbieraj\u0105 faktury.<\/p>\n\n\n\n<div style=\"height:20px\" aria-hidden=\"true\" class=\"wp-block-spacer\"><\/div>\n<\/div>\n\n\n\n<div class=\"wp-block-column ticss-a5b4df29 is-layout-flow wp-block-column-is-layout-flow\"><div class=\"wp-block-image icon-style is-style-rounded\">\n<figure class=\"aligncenter size-full is-resized\"><img loading=\"lazy\" decoding=\"async\" width=\"512\" height=\"512\" src=\"https:\/\/welesrachunkowosc.pl\/wp-content\/uploads\/2024\/12\/znak-wybory.png\" alt=\"\" class=\"wp-image-183\" style=\"width:48px;height:48px\" srcset=\"https:\/\/welesrachunkowosc.pl\/wp-content\/uploads\/2024\/12\/znak-wybory.png 512w, https:\/\/welesrachunkowosc.pl\/wp-content\/uploads\/2024\/12\/znak-wybory-300x300.png 300w, https:\/\/welesrachunkowosc.pl\/wp-content\/uploads\/2024\/12\/znak-wybory-150x150.png 150w\" sizes=\"auto, (max-width: 512px) 100vw, 512px\" \/><\/figure>\n<\/div>\n\n\n<div style=\"height:24px\" aria-hidden=\"true\" class=\"wp-block-spacer\"><\/div>\n\n\n\n<h3 class=\"wp-block-heading has-text-align-left has-text-align-center has-neve-text-color-color has-text-color\">Jak si\u0119 przygotowa\u0107?<\/h3>\n\n\n\n<p class=\"has-text-align-left has-neve-text-color-color has-text-color\" style=\"font-size:15px\">Skorzysta\u0107 z nami z mOrganizer i szkole\u0144 KSeF prowadzonych przez ekspert\u00f3w.<\/p>\n\n\n\n<div style=\"height:20px\" aria-hidden=\"true\" class=\"wp-block-spacer\"><\/div>\n<\/div>\n<\/div>\n\n\n\n<div style=\"height:30px\" aria-hidden=\"true\" class=\"wp-block-spacer\"><\/div>\n<\/div><\/div>\n\n\n\n<div class=\"wp-block-cover alignfull\" style=\"min-height:600px;aspect-ratio:unset;\"><span aria-hidden=\"true\" class=\"wp-block-cover__background has-nv-light-bg-background-color has-background-dim-100 has-background-dim\"><\/span><div class=\"wp-block-cover__inner-container is-layout-flow wp-block-cover-is-layout-flow\">\n<div class=\"wp-block-group\"><div class=\"wp-block-group__inner-container is-layout-flow wp-block-group-is-layout-flow\">\n<div style=\"height:80px\" aria-hidden=\"true\" class=\"wp-block-spacer\"><\/div>\n\n\n\n<div class=\"wp-block-columns is-layout-flex wp-container-core-columns-is-layout-9d6595d7 wp-block-columns-is-layout-flex\">\n<div class=\"wp-block-column is-layout-flow wp-block-column-is-layout-flow\"><div class=\"wp-block-image is-style-default\">\n<figure class=\"aligncenter size-full\"><img loading=\"lazy\" decoding=\"async\" width=\"1600\" height=\"1200\" src=\"https:\/\/welesrachunkowosc.pl\/wp-content\/uploads\/2025\/10\/konto-i-firma-logo.png\" alt=\"\" class=\"wp-image-223\" srcset=\"https:\/\/welesrachunkowosc.pl\/wp-content\/uploads\/2025\/10\/konto-i-firma-logo.png 1600w, https:\/\/welesrachunkowosc.pl\/wp-content\/uploads\/2025\/10\/konto-i-firma-logo-300x225.png 300w, https:\/\/welesrachunkowosc.pl\/wp-content\/uploads\/2025\/10\/konto-i-firma-logo-1024x768.png 1024w, https:\/\/welesrachunkowosc.pl\/wp-content\/uploads\/2025\/10\/konto-i-firma-logo-768x576.png 768w, https:\/\/welesrachunkowosc.pl\/wp-content\/uploads\/2025\/10\/konto-i-firma-logo-1536x1152.png 1536w\" sizes=\"auto, (max-width: 1600px) 100vw, 1600px\" \/><\/figure>\n<\/div>\n\n\n<div style=\"height:24px\" aria-hidden=\"true\" class=\"wp-block-spacer\"><\/div>\n\n\n\n<div style=\"height:40px\" aria-hidden=\"true\" class=\"wp-block-spacer\"><\/div>\n<\/div>\n\n\n\n<div class=\"wp-block-column is-layout-flow wp-block-column-is-layout-flow\"><div class=\"wp-block-image is-style-default\">\n<figure class=\"aligncenter size-full\"><img loading=\"lazy\" decoding=\"async\" width=\"1600\" height=\"1200\" src=\"https:\/\/welesrachunkowosc.pl\/wp-content\/uploads\/2025\/10\/konto-z-logo.png\" alt=\"\" class=\"wp-image-226\" srcset=\"https:\/\/welesrachunkowosc.pl\/wp-content\/uploads\/2025\/10\/konto-z-logo.png 1600w, https:\/\/welesrachunkowosc.pl\/wp-content\/uploads\/2025\/10\/konto-z-logo-300x225.png 300w, https:\/\/welesrachunkowosc.pl\/wp-content\/uploads\/2025\/10\/konto-z-logo-1024x768.png 1024w, https:\/\/welesrachunkowosc.pl\/wp-content\/uploads\/2025\/10\/konto-z-logo-768x576.png 768w, https:\/\/welesrachunkowosc.pl\/wp-content\/uploads\/2025\/10\/konto-z-logo-1536x1152.png 1536w\" sizes=\"auto, (max-width: 1600px) 100vw, 1600px\" \/><\/figure>\n<\/div>\n\n\n<div style=\"height:24px\" aria-hidden=\"true\" class=\"wp-block-spacer\"><\/div>\n\n\n\n<div style=\"height:40px\" aria-hidden=\"true\" class=\"wp-block-spacer\"><\/div>\n<\/div>\n\n\n\n<div class=\"wp-block-column is-layout-flow wp-block-column-is-layout-flow\">\n<div style=\"height:24px\" aria-hidden=\"true\" class=\"wp-block-spacer\"><\/div>\n\n\n\n<div style=\"height:40px\" aria-hidden=\"true\" class=\"wp-block-spacer\"><\/div>\n<\/div>\n<\/div>\n\n\n\n<div style=\"height:40px\" aria-hidden=\"true\" class=\"wp-block-spacer\"><\/div>\n<\/div><\/div>\n<\/div><\/div>\n\n\n","protected":false},"excerpt":{"rendered":"","protected":false},"author":1,"featured_media":0,"parent":0,"menu_order":0,"comment_status":"closed","ping_status":"closed","template":"","meta":{"neve_meta_sidebar":"","neve_meta_container":"","neve_meta_enable_content_width":"on","neve_meta_content_width":100,"neve_meta_title_alignment":"","neve_meta_author_avatar":"","neve_post_elements_order":"","neve_meta_disable_header":"","neve_meta_disable_footer":"","neve_meta_disable_title":"on","footnotes":""},"class_list":["post-212","page","type-page","status-publish","hentry"],"_links":{"self":[{"href":"https:\/\/welesrachunkowosc.pl\/index.php\/wp-json\/wp\/v2\/pages\/212","targetHints":{"allow":["GET"]}}],"collection":[{"href":"https:\/\/welesrachunkowosc.pl\/index.php\/wp-json\/wp\/v2\/pages"}],"about":[{"href":"https:\/\/welesrachunkowosc.pl\/index.php\/wp-json\/wp\/v2\/types\/page"}],"author":[{"embeddable":true,"href":"https:\/\/welesrachunkowosc.pl\/index.php\/wp-json\/wp\/v2\/users\/1"}],"replies":[{"embeddable":true,"href":"https:\/\/welesrachunkowosc.pl\/index.php\/wp-json\/wp\/v2\/comments?post=212"}],"version-history":[{"count":12,"href":"https:\/\/welesrachunkowosc.pl\/index.php\/wp-json\/wp\/v2\/pages\/212\/revisions"}],"predecessor-version":[{"id":227,"href":"https:\/\/welesrachunkowosc.pl\/index.php\/wp-json\/wp\/v2\/pages\/212\/revisions\/227"}],"wp:attachment":[{"href":"https:\/\/welesrachunkowosc.pl\/index.php\/wp-json\/wp\/v2\/media?parent=212"}],"curies":[{"name":"wp","href":"https:\/\/api.w.org\/{rel}","templated":true}]}}