{"id":23,"date":"2023-07-27T14:27:46","date_gmt":"2023-07-27T12:27:46","guid":{"rendered":"http:\/\/welesrachunkowosc.pl\/?page_id=23"},"modified":"2024-12-06T13:35:37","modified_gmt":"2024-12-06T12:35:37","slug":"strona-glowna","status":"publish","type":"page","link":"https:\/\/welesrachunkowosc.pl\/","title":{"rendered":"Strona g\u0142\u00f3wna"},"content":{"rendered":"\n<div class=\"wp-block-cover alignfull is-light\" style=\"min-height:700px;aspect-ratio:unset;\"><span aria-hidden=\"true\" class=\"wp-block-cover__background has-background-dim-0 has-background-dim\"><\/span><video class=\"wp-block-cover__video-background intrinsic-ignore\" autoplay muted loop playsinline src=\"http:\/\/welesrachunkowosc.pl\/wp-content\/uploads\/2023\/07\/pexels-karolina-grabowska-7710754-720p.mp4\" data-object-fit=\"cover\"><\/video><div class=\"wp-block-cover__inner-container is-layout-flow wp-block-cover-is-layout-flow\">\n<div style=\"height:80px\" aria-hidden=\"true\" class=\"wp-block-spacer\"><\/div>\n\n\n\n<h1 class=\"wp-block-heading has-text-align-center has-text-color has-large-font-size\" style=\"color:#121212;text-transform:none\">Biuro Rachunkowe Weles &#8211; zaopiekujemy si\u0119 Twoj\u0105 ksi\u0119gowo\u015bci\u0105.<\/h1>\n\n\n\n<div style=\"height:80px\" aria-hidden=\"true\" class=\"wp-block-spacer\"><\/div>\n\n\n\n<div style=\"height:103px\" aria-hidden=\"true\" class=\"wp-block-spacer\"><\/div>\n\n\n\n<p><\/p>\n\n\n\n<p class=\"has-text-align-center has-text-color\" style=\"color:#121212;font-size:17px\">Dobra ksi\u0119gowa to klucz do sukcesu daj\u0105cy spok\u00f3j i stabilizacj\u0119 w prowadzeniu w\u0142asnego biznesu. Kieruj\u0105c si\u0119 t\u0105 z\u0142ot\u0105 zasad\u0105 stworzyli\u015bmy biuro rachunkowe, kt\u00f3re ma na celu wspiera\u0107 Pa\u0144stwa dzia\u0142alno\u015b\u0107 lub sp\u00f3\u0142k\u0119 a nie j\u0105 wykorzystywa\u0107. Stawiamy&nbsp; na d\u0142ugotrwa\u0142e i za\u017cy\u0142e relacje miedzy kontrahentami i dlatego traktujemy wsp\u00f3\u0142pracuj\u0105ce z nami firmy jako partner\u00f3w biznesowych a nie zwyk\u0142ych klient\u00f3w.<\/p>\n\n\n\n<div class=\"wp-block-buttons is-layout-flex wp-block-buttons-is-layout-flex\">\n<div class=\"wp-block-button\"><a class=\"wp-block-button__link has-luminous-dusk-gradient-background has-background wp-element-button\" href=\"http:\/\/welesrachunkowosc.pl\/index.php\/informacje\/\">Czytaj wi\u0119cej<\/a><\/div>\n<\/div>\n\n\n\n<p><\/p>\n<\/div><\/div>\n\n\n\n<div style=\"height:80px\" aria-hidden=\"true\" class=\"wp-block-spacer\"><\/div>\n\n\n\n<div class=\"wp-block-columns is-layout-flex wp-container-core-columns-is-layout-9d6595d7 wp-block-columns-is-layout-flex\">\n<div class=\"wp-block-column is-layout-flow wp-block-column-is-layout-flow\"><div class=\"wp-block-image is-resized icon-style is-style-default\">\n<figure class=\"aligncenter size-full\"><img loading=\"lazy\" decoding=\"async\" width=\"512\" height=\"512\" src=\"https:\/\/welesrachunkowosc.pl\/wp-content\/uploads\/2024\/12\/start.png\" alt=\"\" class=\"wp-image-189\" style=\"width:70px;height:auto\" srcset=\"https:\/\/welesrachunkowosc.pl\/wp-content\/uploads\/2024\/12\/start.png 512w, https:\/\/welesrachunkowosc.pl\/wp-content\/uploads\/2024\/12\/start-300x300.png 300w, https:\/\/welesrachunkowosc.pl\/wp-content\/uploads\/2024\/12\/start-150x150.png 150w\" sizes=\"auto, (max-width: 512px) 100vw, 512px\" \/><\/figure>\n<\/div>\n\n\n<div style=\"height:20px\" aria-hidden=\"true\" class=\"wp-block-spacer\"><\/div>\n\n\n\n<h3 class=\"wp-block-heading has-text-align-center has-neve-text-color-color has-text-color\">Pomoc na start<\/h3>\n\n\n\n<ul class=\"wp-block-list\">\n<li>pomagamy w za\u0142o\u017ceniu firmy<\/li>\n\n\n\n<li>konsultacje ksi\u0119gowe przed za\u0142o\u017ceniem firmy<\/li>\n\n\n\n<li>sporz\u0105dzenie dokumentacji rejestrowej<\/li>\n<\/ul>\n\n\n\n<p><\/p>\n\n\n\n<div style=\"height:20px\" aria-hidden=\"true\" class=\"wp-block-spacer\"><\/div>\n<\/div>\n\n\n\n<div class=\"wp-block-column is-layout-flow wp-block-column-is-layout-flow\"><div class=\"wp-block-image is-resized icon-style is-style-default\">\n<figure class=\"aligncenter size-full\"><img loading=\"lazy\" decoding=\"async\" width=\"96\" height=\"96\" src=\"https:\/\/welesrachunkowosc.pl\/wp-content\/uploads\/2024\/12\/icons8-books-96.png\" alt=\"\" class=\"wp-image-191\" style=\"width:70px\"\/><\/figure>\n<\/div>\n\n\n<div style=\"height:20px\" aria-hidden=\"true\" class=\"wp-block-spacer\"><\/div>\n\n\n\n<h3 class=\"wp-block-heading has-text-align-center has-neve-text-color-color has-text-color\">Us\u0142ugi rachunkowo-ksi\u0119gowe<\/h3>\n\n\n\n<ul class=\"wp-block-list\">\n<li>Ksi\u0119ga przychod\u00f3w i rozchod\u00f3w<\/li>\n\n\n\n<li>Ksi\u0119gi handlowe<\/li>\n\n\n\n<li>Rycza\u0142t ewidencjonowany<\/li>\n<\/ul>\n\n\n\n<div style=\"height:20px\" aria-hidden=\"true\" class=\"wp-block-spacer\"><\/div>\n<\/div>\n\n\n\n<div class=\"wp-block-column is-layout-flow wp-block-column-is-layout-flow\"><div class=\"wp-block-image is-resized icon-style is-style-rounded\">\n<figure class=\"aligncenter size-full\"><img loading=\"lazy\" decoding=\"async\" width=\"512\" height=\"512\" src=\"https:\/\/welesrachunkowosc.pl\/wp-content\/uploads\/2024\/12\/place_1.png\" alt=\"\" class=\"wp-image-188\" style=\"width:70px\" srcset=\"https:\/\/welesrachunkowosc.pl\/wp-content\/uploads\/2024\/12\/place_1.png 512w, https:\/\/welesrachunkowosc.pl\/wp-content\/uploads\/2024\/12\/place_1-300x300.png 300w, https:\/\/welesrachunkowosc.pl\/wp-content\/uploads\/2024\/12\/place_1-150x150.png 150w\" sizes=\"auto, (max-width: 512px) 100vw, 512px\" \/><\/figure>\n<\/div>\n\n\n<div style=\"height:20px\" aria-hidden=\"true\" class=\"wp-block-spacer\"><\/div>\n\n\n\n<h3 class=\"wp-block-heading has-text-align-center has-neve-text-color-color has-text-color\">Obs\u0142uga kadrowo-p\u0142acowa<\/h3>\n\n\n\n<ul class=\"wp-block-list\">\n<li>kompleksowa obs\u0142uga pracownik\u00f3w<\/li>\n\n\n\n<li>obs\u0142uga spraw zwi\u0105zanych z ZUS (sk\u0142adki, zasi\u0142ki, za\u015bwiadczenia A1)<\/li>\n<\/ul>\n\n\n\n<div style=\"height:20px\" aria-hidden=\"true\" class=\"wp-block-spacer\"><\/div>\n<\/div>\n<\/div>\n\n\n\n<div style=\"height:80px\" aria-hidden=\"true\" class=\"wp-block-spacer\"><\/div>\n\n\n\n<div class=\"wp-block-cover alignfull\" style=\"min-height:600px;aspect-ratio:unset;\"><span aria-hidden=\"true\" class=\"wp-block-cover__background has-nv-light-bg-background-color has-background-dim-100 has-background-dim\"><\/span><div class=\"wp-block-cover__inner-container is-layout-flow wp-block-cover-is-layout-flow\">\n<div class=\"wp-block-group\"><div class=\"wp-block-group__inner-container is-layout-flow wp-block-group-is-layout-flow\">\n<div style=\"height:80px\" aria-hidden=\"true\" class=\"wp-block-spacer\"><\/div>\n\n\n\n<div class=\"wp-block-columns are-vertically-aligned-center is-layout-flex wp-container-core-columns-is-layout-9d6595d7 wp-block-columns-is-layout-flex\">\n<div class=\"wp-block-column is-vertically-aligned-center is-layout-flow wp-block-column-is-layout-flow\" style=\"flex-basis:50%\">\n<figure class=\"wp-block-image size-large is-resized\"><img loading=\"lazy\" decoding=\"async\" width=\"1024\" height=\"683\" src=\"http:\/\/welesrachunkowosc.pl\/wp-content\/uploads\/2023\/08\/pexels-karolina-grabowska-7681091-1024x683.jpg\" alt=\"\" class=\"wp-image-102\" srcset=\"https:\/\/welesrachunkowosc.pl\/wp-content\/uploads\/2023\/08\/pexels-karolina-grabowska-7681091-1024x683.jpg 1024w, https:\/\/welesrachunkowosc.pl\/wp-content\/uploads\/2023\/08\/pexels-karolina-grabowska-7681091-300x200.jpg 300w, https:\/\/welesrachunkowosc.pl\/wp-content\/uploads\/2023\/08\/pexels-karolina-grabowska-7681091-768x512.jpg 768w, https:\/\/welesrachunkowosc.pl\/wp-content\/uploads\/2023\/08\/pexels-karolina-grabowska-7681091-1536x1024.jpg 1536w, https:\/\/welesrachunkowosc.pl\/wp-content\/uploads\/2023\/08\/pexels-karolina-grabowska-7681091-930x620.jpg 930w, https:\/\/welesrachunkowosc.pl\/wp-content\/uploads\/2023\/08\/pexels-karolina-grabowska-7681091.jpg 1920w\" sizes=\"auto, (max-width: 1024px) 100vw, 1024px\" \/><\/figure>\n<\/div>\n\n\n\n<div class=\"wp-block-column is-vertically-aligned-center is-layout-flow wp-block-column-is-layout-flow\" style=\"flex-basis:50%\">\n<div style=\"height:20px\" aria-hidden=\"true\" class=\"wp-block-spacer\"><\/div>\n\n\n\n<h2 class=\"wp-block-heading has-text-align-left has-neve-text-color-color has-text-color\">Nasza wiedza Twoje liczby<\/h2>\n\n\n\n<p class=\"has-text-align-left has-neve-text-color-color has-text-color\" style=\"font-size:17px\">Naszym g\u0142\u00f3wnym zadaniem jest zapewnienie Pa\u0144stwu spokoju w rozwijaniu firmy, bo na tym polega dobra ksi\u0119gowo\u015b\u0107. Dodatkowo w razie potrzeby wspomo\u017cemy naszym do\u015bwiadczeniem Pa\u0144stwa decyzje.<\/p>\n\n\n\n<ul class=\"wp-block-list has-nv-dark-bg-color has-text-color\">\n<li><strong>Oszcz\u0119dzaj czas<\/strong> &#8211; Zaufaj nam a my damy Ci czas na dzia\u0142anie i rozw\u00f3j.<\/li>\n\n\n\n<li><strong>Oszcz\u0119dzaj pieni\u0105dze<\/strong>&nbsp;&#8211; Porz\u0105dek w ksi\u0119gach pozwala na spore oszcz\u0119dno\u015bci i przejrzysto\u015b\u0107 wydatk\u00f3w.<\/li>\n\n\n\n<li><strong>Zarabiaj wi\u0119cej<\/strong>&nbsp;&#8211; Maj\u0105c czas i oszcz\u0119dno\u015bci jeste\u015b na prostej drodze do celu jakim jest wzrost kapita\u0142u.<\/li>\n<\/ul>\n<\/div>\n<\/div>\n\n\n\n<div style=\"height:40px\" aria-hidden=\"true\" class=\"wp-block-spacer\"><\/div>\n<\/div><\/div>\n<\/div><\/div>\n\n\n\n<div class=\"wp-block-cover alignfull\" style=\"min-height:600px;aspect-ratio:unset;\"><span aria-hidden=\"true\" class=\"wp-block-cover__background has-nv-site-bg-background-color has-background-dim-100 has-background-dim\"><\/span><div class=\"wp-block-cover__inner-container is-layout-flow wp-block-cover-is-layout-flow\">\n<div class=\"wp-block-group\"><div class=\"wp-block-group__inner-container is-layout-flow wp-block-group-is-layout-flow\">\n<div style=\"height:80px\" aria-hidden=\"true\" class=\"wp-block-spacer\"><\/div>\n\n\n\n<div class=\"wp-block-columns are-vertically-aligned-center is-layout-flex wp-container-core-columns-is-layout-9d6595d7 wp-block-columns-is-layout-flex\">\n<div class=\"wp-block-column is-vertically-aligned-center is-layout-flow wp-block-column-is-layout-flow\" style=\"flex-basis:50%\">\n<h2 class=\"wp-block-heading has-text-align-left has-neve-text-color-color has-text-color\">Oferta<\/h2>\n\n\n\n<p class=\"has-text-align-left has-neve-text-color-color has-text-color\" style=\"font-size:17px\">Zajmujemy si\u0119 pe\u0142nym pakietem us\u0142ug ksi\u0119gowych, rachunkowych i kadrowo &#8211; p\u0142acowych zar\u00f3wno dla dzia\u0142alno\u015bci jak i sp\u00f3\u0142ek oraz os\u00f3b prywatnych (rozliczenia PIT, doradztwo ksi\u0119gowe, rozliczanie najmu prywatnego). Wsp\u00f3\u0142pracujemy tak\u017ce z innymi specjalistami, kt\u00f3rzy s\u0105 niezb\u0119dni w biznesie.<\/p>\n\n\n\n<div class=\"wp-block-buttons is-content-justification-left is-layout-flex wp-container-core-buttons-is-layout-fdcfc74e wp-block-buttons-is-layout-flex\">\n<div class=\"wp-block-button is-style-primary\"><a class=\"wp-block-button__link has-luminous-dusk-gradient-background has-background wp-element-button\" href=\"http:\/\/welesrachunkowosc.pl\/index.php\/portofolio\/\">Dowiedz si\u0119 wi\u0119cej<\/a><\/div>\n<\/div>\n\n\n\n<div style=\"height:40px\" aria-hidden=\"true\" class=\"wp-block-spacer\"><\/div>\n<\/div>\n\n\n\n<div class=\"wp-block-column is-vertically-aligned-center is-layout-flow wp-block-column-is-layout-flow\" style=\"flex-basis:50%\">\n<figure class=\"wp-block-image size-large\"><img loading=\"lazy\" decoding=\"async\" width=\"1024\" height=\"683\" src=\"http:\/\/welesrachunkowosc.pl\/wp-content\/uploads\/2023\/08\/pexels-karolina-grabowska-7680742-1024x683.jpg\" alt=\"\" class=\"wp-image-103\" srcset=\"https:\/\/welesrachunkowosc.pl\/wp-content\/uploads\/2023\/08\/pexels-karolina-grabowska-7680742-1024x683.jpg 1024w, https:\/\/welesrachunkowosc.pl\/wp-content\/uploads\/2023\/08\/pexels-karolina-grabowska-7680742-300x200.jpg 300w, https:\/\/welesrachunkowosc.pl\/wp-content\/uploads\/2023\/08\/pexels-karolina-grabowska-7680742-768x512.jpg 768w, https:\/\/welesrachunkowosc.pl\/wp-content\/uploads\/2023\/08\/pexels-karolina-grabowska-7680742-1536x1024.jpg 1536w, https:\/\/welesrachunkowosc.pl\/wp-content\/uploads\/2023\/08\/pexels-karolina-grabowska-7680742-930x620.jpg 930w, https:\/\/welesrachunkowosc.pl\/wp-content\/uploads\/2023\/08\/pexels-karolina-grabowska-7680742.jpg 1920w\" sizes=\"auto, (max-width: 1024px) 100vw, 1024px\" \/><\/figure>\n<\/div>\n<\/div>\n\n\n\n<div style=\"height:40px\" aria-hidden=\"true\" class=\"wp-block-spacer\"><\/div>\n<\/div><\/div>\n<\/div><\/div>\n\n\n\n<div class=\"wp-block-cover alignfull\" style=\"min-height:600px;aspect-ratio:unset;\"><span aria-hidden=\"true\" class=\"wp-block-cover__background has-nv-dark-bg-background-color has-background-dim-100 has-background-dim\"><\/span><div class=\"wp-block-cover__inner-container is-layout-flow wp-block-cover-is-layout-flow\">\n<div class=\"wp-block-group\"><div class=\"wp-block-group__inner-container is-layout-flow wp-block-group-is-layout-flow\">\n<div style=\"height:80px\" aria-hidden=\"true\" class=\"wp-block-spacer\"><\/div>\n\n\n\n<div class=\"wp-block-columns are-vertically-aligned-center is-layout-flex wp-container-core-columns-is-layout-9d6595d7 wp-block-columns-is-layout-flex\">\n<div class=\"wp-block-column is-vertically-aligned-center is-layout-flow wp-block-column-is-layout-flow\" style=\"flex-basis:50%\">\n<figure class=\"wp-block-image size-large\"><img loading=\"lazy\" decoding=\"async\" width=\"1024\" height=\"683\" src=\"http:\/\/welesrachunkowosc.pl\/wp-content\/uploads\/2023\/08\/pexels-karolina-grabowska-7680736-1024x683.jpg\" alt=\"\" class=\"wp-image-104\" srcset=\"https:\/\/welesrachunkowosc.pl\/wp-content\/uploads\/2023\/08\/pexels-karolina-grabowska-7680736-1024x683.jpg 1024w, https:\/\/welesrachunkowosc.pl\/wp-content\/uploads\/2023\/08\/pexels-karolina-grabowska-7680736-300x200.jpg 300w, https:\/\/welesrachunkowosc.pl\/wp-content\/uploads\/2023\/08\/pexels-karolina-grabowska-7680736-768x512.jpg 768w, https:\/\/welesrachunkowosc.pl\/wp-content\/uploads\/2023\/08\/pexels-karolina-grabowska-7680736-1536x1024.jpg 1536w, https:\/\/welesrachunkowosc.pl\/wp-content\/uploads\/2023\/08\/pexels-karolina-grabowska-7680736-930x620.jpg 930w, https:\/\/welesrachunkowosc.pl\/wp-content\/uploads\/2023\/08\/pexels-karolina-grabowska-7680736.jpg 1920w\" sizes=\"auto, (max-width: 1024px) 100vw, 1024px\" \/><\/figure>\n<\/div>\n\n\n\n<div class=\"wp-block-column is-vertically-aligned-center is-layout-flow wp-block-column-is-layout-flow\" style=\"flex-basis:50%\">\n<div style=\"height:40px\" aria-hidden=\"true\" class=\"wp-block-spacer\"><\/div>\n\n\n\n<h2 class=\"wp-block-heading has-text-align-left has-nv-text-dark-bg-color has-text-color\">Poznaj nasz cennik<\/h2>\n\n\n\n<p class=\"has-text-align-left has-nv-text-dark-bg-color has-text-color\" style=\"font-size:17px\">Cennik zawiera wyj\u015bciowe ceny, ostateczna stawka ustalana jest indywidualnie i zale\u017cy od poziomu skomplikowania rozlicze\u0144. Wszystkie ceny s\u0105 cenami netto.<\/p>\n\n\n\n<div class=\"wp-block-buttons is-content-justification-left is-layout-flex wp-container-core-buttons-is-layout-fdcfc74e wp-block-buttons-is-layout-flex\">\n<div class=\"wp-block-button is-style-primary\"><a class=\"wp-block-button__link has-luminous-dusk-gradient-background has-background wp-element-button\" href=\"http:\/\/welesrachunkowosc.pl\/index.php\/szczegoly-projektu\/\">Sprawd\u017a nasze ceny<\/a><\/div>\n<\/div>\n<\/div>\n<\/div>\n\n\n\n<div style=\"height:40px\" aria-hidden=\"true\" class=\"wp-block-spacer\"><\/div>\n<\/div><\/div>\n<\/div><\/div>\n\n\n\n<div style=\"height:40px\" aria-hidden=\"true\" class=\"wp-block-spacer\"><\/div>\n\n\n\n<div class=\"wp-block-cover alignfull\" style=\"min-height:600px;aspect-ratio:unset;\"><span aria-hidden=\"true\" class=\"wp-block-cover__background has-nv-site-bg-background-color has-background-dim-100 has-background-dim\"><\/span><div class=\"wp-block-cover__inner-container is-layout-flow wp-block-cover-is-layout-flow\">\n<div class=\"wp-block-group\"><div class=\"wp-block-group__inner-container is-layout-flow wp-block-group-is-layout-flow\">\n<div style=\"height:80px\" aria-hidden=\"true\" class=\"wp-block-spacer\"><\/div>\n\n\n\n<h2 class=\"wp-block-heading has-neve-text-color-color has-text-color\">Blog<\/h2>\n\n\n\n<div style=\"height:0px\" aria-hidden=\"true\" class=\"wp-block-spacer\"><\/div>\n\n\n\n<div class=\"wp-block-columns are-vertically-aligned-center is-layout-flex wp-container-core-columns-is-layout-9d6595d7 wp-block-columns-is-layout-flex\">\n<div class=\"wp-block-column is-vertically-aligned-center is-layout-flow wp-block-column-is-layout-flow\" style=\"flex-basis:100%\">\n<div style=\"height:40px\" aria-hidden=\"true\" class=\"wp-block-spacer\"><\/div>\n\n\n<ul class=\"wp-block-latest-posts__list is-grid columns-3 wp-block-latest-posts\"><li><div class=\"wp-block-latest-posts__featured-image\"><img loading=\"lazy\" decoding=\"async\" width=\"300\" height=\"200\" src=\"https:\/\/welesrachunkowosc.pl\/wp-content\/uploads\/2024\/12\/christmas-background-1869902_1280-300x200.jpg\" class=\"attachment-medium size-medium wp-post-image\" alt=\"\" style=\"\" srcset=\"https:\/\/welesrachunkowosc.pl\/wp-content\/uploads\/2024\/12\/christmas-background-1869902_1280-300x200.jpg 300w, https:\/\/welesrachunkowosc.pl\/wp-content\/uploads\/2024\/12\/christmas-background-1869902_1280-1024x682.jpg 1024w, https:\/\/welesrachunkowosc.pl\/wp-content\/uploads\/2024\/12\/christmas-background-1869902_1280-768x512.jpg 768w, https:\/\/welesrachunkowosc.pl\/wp-content\/uploads\/2024\/12\/christmas-background-1869902_1280-930x620.jpg 930w, https:\/\/welesrachunkowosc.pl\/wp-content\/uploads\/2024\/12\/christmas-background-1869902_1280.jpg 1280w\" sizes=\"auto, (max-width: 300px) 100vw, 300px\" \/><\/div><a class=\"wp-block-latest-posts__post-title\" href=\"https:\/\/welesrachunkowosc.pl\/index.php\/2024\/12\/06\/promocja-swiateczna\/\">Promocja \u015bwi\u0105teczna<\/a><\/li>\n<li><div class=\"wp-block-latest-posts__featured-image\"><img loading=\"lazy\" decoding=\"async\" width=\"300\" height=\"182\" src=\"https:\/\/welesrachunkowosc.pl\/wp-content\/uploads\/2023\/08\/wykres-money.p-300x182.webp\" class=\"attachment-medium size-medium wp-post-image\" alt=\"\" style=\"\" srcset=\"https:\/\/welesrachunkowosc.pl\/wp-content\/uploads\/2023\/08\/wykres-money.p-300x182.webp 300w, https:\/\/welesrachunkowosc.pl\/wp-content\/uploads\/2023\/08\/wykres-money.p.webp 624w\" sizes=\"auto, (max-width: 300px) 100vw, 300px\" \/><\/div><a class=\"wp-block-latest-posts__post-title\" href=\"https:\/\/welesrachunkowosc.pl\/index.php\/2023\/07\/25\/witaj-swiecie\/\">Wzrost p\u0142acy minimalnej od 01.07.2023<\/a><\/li>\n<\/ul><\/div>\n<\/div>\n\n\n\n<div style=\"height:40px\" aria-hidden=\"true\" class=\"wp-block-spacer\"><\/div>\n<\/div><\/div>\n<\/div><\/div>\n\n\n\n<div class=\"wp-block-cover alignfull\" style=\"min-height:420px;aspect-ratio:unset;\"><span aria-hidden=\"true\" class=\"wp-block-cover__background has-nv-light-bg-background-color has-background-dim-100 has-background-dim\"><\/span><div class=\"wp-block-cover__inner-container is-layout-flow wp-block-cover-is-layout-flow\"><p><script src=\"https:\/\/static.elfsight.com\/platform\/platform.js\" data-use-service-core=\"\" defer=\"\"><\/script><\/p>\n<div class=\"elfsight-app-310d1c5e-e937-48e6-a8d8-d67c17b6b2f4\"><\/div>\n\n\n\n<div style=\"height:100px\" aria-hidden=\"true\" class=\"wp-block-spacer\"><\/div>\n<\/div><\/div>\n\n\n\n<div class=\"wp-block-cover alignfull\" style=\"min-height:300px;aspect-ratio:unset;\"><span aria-hidden=\"true\" class=\"wp-block-cover__background has-nv-dark-bg-background-color has-background-dim-100 has-background-dim\"><\/span><div class=\"wp-block-cover__inner-container is-layout-flow wp-block-cover-is-layout-flow\">\n<div style=\"height:140px\" aria-hidden=\"true\" class=\"wp-block-spacer\"><\/div>\n\n\n\n<h2 class=\"wp-block-heading has-text-align-center has-nv-text-dark-bg-color has-text-color\">Porozmawiajmy o Twojej firmie<\/h2>\n\n\n\n<p class=\"has-text-align-center has-medium-font-size\">Niezale\u017cnie od tego, czy chcesz za\u0142o\u017cy\u0107 now\u0105 firm\u0119 czy po prostu<\/p>\n\n\n\n<p class=\"has-text-align-center has-medium-font-size\"> potrzebujesz zmiany, zapraszamy do kontaktu<\/p>\n\n\n\n<div class=\"wp-block-buttons is-content-justification-center is-layout-flex wp-container-core-buttons-is-layout-16018d1d wp-block-buttons-is-layout-flex\">\n<div class=\"wp-block-button is-style-primary\"><a class=\"wp-block-button__link has-luminous-dusk-gradient-background has-background wp-element-button\" href=\"http:\/\/welesrachunkowosc.pl\/index.php\/contact\/\">Kontakt<\/a><\/div>\n<\/div>\n\n\n\n<div style=\"height:140px\" aria-hidden=\"true\" class=\"wp-block-spacer\"><\/div>\n<\/div><\/div>\n","protected":false},"excerpt":{"rendered":"<p>Pomoc na start Us\u0142ugi rachunkowo-ksi\u0119gowe Obs\u0142uga kadrowo-p\u0142acowa<\/p>\n","protected":false},"author":2,"featured_media":0,"parent":0,"menu_order":0,"comment_status":"closed","ping_status":"closed","template":"","meta":{"neve_meta_sidebar":"","neve_meta_container":"","neve_meta_enable_content_width":"on","neve_meta_content_width":100,"neve_meta_title_alignment":"","neve_meta_author_avatar":"","neve_post_elements_order":"","neve_meta_disable_header":"","neve_meta_disable_footer":"","neve_meta_disable_title":"on","footnotes":""},"class_list":["post-23","page","type-page","status-publish","hentry"],"_links":{"self":[{"href":"https:\/\/welesrachunkowosc.pl\/index.php\/wp-json\/wp\/v2\/pages\/23","targetHints":{"allow":["GET"]}}],"collection":[{"href":"https:\/\/welesrachunkowosc.pl\/index.php\/wp-json\/wp\/v2\/pages"}],"about":[{"href":"https:\/\/welesrachunkowosc.pl\/index.php\/wp-json\/wp\/v2\/types\/page"}],"author":[{"embeddable":true,"href":"https:\/\/welesrachunkowosc.pl\/index.php\/wp-json\/wp\/v2\/users\/2"}],"replies":[{"embeddable":true,"href":"https:\/\/welesrachunkowosc.pl\/index.php\/wp-json\/wp\/v2\/comments?post=23"}],"version-history":[{"count":21,"href":"https:\/\/welesrachunkowosc.pl\/index.php\/wp-json\/wp\/v2\/pages\/23\/revisions"}],"predecessor-version":[{"id":192,"href":"https:\/\/welesrachunkowosc.pl\/index.php\/wp-json\/wp\/v2\/pages\/23\/revisions\/192"}],"wp:attachment":[{"href":"https:\/\/welesrachunkowosc.pl\/index.php\/wp-json\/wp\/v2\/media?parent=23"}],"curies":[{"name":"wp","href":"https:\/\/api.w.org\/{rel}","templated":true}]}}