{"id":24,"date":"2023-07-27T14:27:46","date_gmt":"2023-07-27T12:27:46","guid":{"rendered":"http:\/\/welesrachunkowosc.pl\/?page_id=24"},"modified":"2024-12-06T13:25:41","modified_gmt":"2024-12-06T12:25:41","slug":"informacje","status":"publish","type":"page","link":"https:\/\/welesrachunkowosc.pl\/index.php\/informacje\/","title":{"rendered":"O nas"},"content":{"rendered":"\n<div class=\"wp-block-cover alignfull\" style=\"min-height:300px;aspect-ratio:unset;\"><span aria-hidden=\"true\" class=\"wp-block-cover__background has-nv-site-bg-background-color has-background-dim-100 has-background-dim\"><\/span><div class=\"wp-block-cover__inner-container is-layout-flow wp-block-cover-is-layout-flow\">\n<div class=\"wp-block-group\"><div class=\"wp-block-group__inner-container is-layout-flow wp-block-group-is-layout-flow\">\n<h1 class=\"wp-block-heading has-text-align-left has-neve-text-color-color has-text-color\">O nas<\/h1>\n<\/div><\/div>\n<\/div><\/div>\n\n\n\n<div class=\"wp-block-cover alignfull\" style=\"min-height:600px;aspect-ratio:unset;\"><span aria-hidden=\"true\" class=\"wp-block-cover__background has-nv-light-bg-background-color has-background-dim-100 has-background-dim\"><\/span><div class=\"wp-block-cover__inner-container is-layout-flow wp-block-cover-is-layout-flow\">\n<div class=\"wp-block-group\"><div class=\"wp-block-group__inner-container is-layout-flow wp-block-group-is-layout-flow\">\n<div style=\"height:80px\" aria-hidden=\"true\" class=\"wp-block-spacer\"><\/div>\n\n\n\n<div class=\"wp-block-columns are-vertically-aligned-center is-layout-flex wp-container-core-columns-is-layout-9d6595d7 wp-block-columns-is-layout-flex\">\n<div class=\"wp-block-column is-vertically-aligned-center is-layout-flow wp-block-column-is-layout-flow\" style=\"flex-basis:50%\">\n<figure class=\"wp-block-image size-large\"><img loading=\"lazy\" decoding=\"async\" width=\"1024\" height=\"683\" src=\"http:\/\/welesrachunkowosc.pl\/wp-content\/uploads\/2023\/07\/pexels-karolina-grabowska-7680745-1024x683.jpg\" alt=\"\" class=\"wp-image-56\" srcset=\"https:\/\/welesrachunkowosc.pl\/wp-content\/uploads\/2023\/07\/pexels-karolina-grabowska-7680745-1024x683.jpg 1024w, https:\/\/welesrachunkowosc.pl\/wp-content\/uploads\/2023\/07\/pexels-karolina-grabowska-7680745-300x200.jpg 300w, https:\/\/welesrachunkowosc.pl\/wp-content\/uploads\/2023\/07\/pexels-karolina-grabowska-7680745-768x512.jpg 768w, https:\/\/welesrachunkowosc.pl\/wp-content\/uploads\/2023\/07\/pexels-karolina-grabowska-7680745-1536x1024.jpg 1536w, https:\/\/welesrachunkowosc.pl\/wp-content\/uploads\/2023\/07\/pexels-karolina-grabowska-7680745-930x620.jpg 930w, https:\/\/welesrachunkowosc.pl\/wp-content\/uploads\/2023\/07\/pexels-karolina-grabowska-7680745.jpg 1920w\" sizes=\"auto, (max-width: 1024px) 100vw, 1024px\" \/><\/figure>\n<\/div>\n\n\n\n<div class=\"wp-block-column is-vertically-aligned-center is-layout-flow wp-block-column-is-layout-flow\" style=\"flex-basis:50%\">\n<h2 class=\"wp-block-heading has-neve-text-color-color has-text-color\">Nasza historia<\/h2>\n\n\n\n<p class=\"has-neve-text-color-color has-text-color has-medium-font-size\">Wiele lat temu za\u0142o\u017cyli\u015bmy nasz\u0105 pierwsz\u0105 firm\u0119. W tamtym czasie j\u0119zyk ustaw podatkowych, rozliczenia i sprawy zwi\u0105zane z ZUS stanowi\u0142y dla nas zagadk\u0119. Wiedzieli\u015bmy, \u017ce jedyn\u0105 osob\u0105, kt\u00f3ra mo\u017ce pom\u00f3c nam si\u0119 odnale\u017a\u0107 jest dobra ksi\u0119gowa. <\/p>\n\n\n\n<p class=\"has-neve-text-color-color has-text-color\">Z biegiem czasu gdy nasze rozliczenia sta\u0142y si\u0119 bardzo skomplikowane, rozliczenia mi\u0119dzynarodowe i unijne sta\u0142y si\u0119 nasz\u0105 codzienno\u015bci\u0105 na r\u00f3wni z krajowymi przyszed\u0142 czas na kolejn\u0105 firm\u0119 &#8211; Biuro Rachunkowe. Biuro, kt\u00f3re jest zorientowane na ludzi &#8211; nastawione na wsp\u00f3\u0142prac\u0119, d\u0142ugofalowe relacje z klientami, przek\u0142adanie informacji z j\u0119zyka urz\u0119dowego na bardziej zrozumia\u0142y. Biuro, kt\u00f3re posiada specjalist\u00f3w z najlepszymi kwalifikacjami.<\/p>\n<\/div>\n<\/div>\n\n\n\n<div style=\"height:40px\" aria-hidden=\"true\" class=\"wp-block-spacer\"><\/div>\n<\/div><\/div>\n<\/div><\/div>\n\n\n\n<div class=\"wp-block-cover alignfull\" style=\"min-height:600px;aspect-ratio:unset;\"><span aria-hidden=\"true\" class=\"wp-block-cover__background has-nv-dark-bg-background-color has-background-dim-100 has-background-dim\"><\/span><div class=\"wp-block-cover__inner-container is-layout-flow wp-block-cover-is-layout-flow\">\n<div class=\"wp-block-group\"><div class=\"wp-block-group__inner-container is-layout-flow wp-block-group-is-layout-flow\">\n<div style=\"height:80px\" aria-hidden=\"true\" class=\"wp-block-spacer\"><\/div>\n\n\n\n<div class=\"wp-block-columns are-vertically-aligned-center is-layout-flex wp-container-core-columns-is-layout-9d6595d7 wp-block-columns-is-layout-flex\">\n<div class=\"wp-block-column is-vertically-aligned-center is-layout-flow wp-block-column-is-layout-flow\" style=\"flex-basis:50%\">\n<h2 class=\"wp-block-heading has-nv-text-dark-bg-color has-text-color\">Kim jest Weles?<\/h2>\n\n\n\n<p class=\"has-nv-text-dark-bg-color has-text-color\">Weles &#8211; s\u0142owia\u0144ski b\u00f3g rzemios\u0142a, kupc\u00f3w, a przede wszystkim bogactwa. Tak jak Weles opiekowa\u0142 si\u0119 kupcami i dba\u0142 o ich dobrobyt, tak specjali\u015bci z naszego Biura Rachunkowego dbaj\u0105 o rozliczenia, kadry &#8211; p\u0142ace i podatki naszych klient\u00f3w, \u017ceby mogli zajmowa\u0107 si\u0119 prowadzeniem swojego biznesu i nie musieli si\u0119 martwi\u0107 co przynios\u0105 kolejne zmiany przepis\u00f3w podatkowych lub sk\u0142adek ZUS.<\/p>\n\n\n\n<p>Dlaczego &#8222;kim&#8221; a nie &#8222;czym&#8221; jest Weles? Poniewa\u017c tworz\u0105 go ludzie, otwarci na rozmow\u0119 i wsp\u00f3\u0142prac\u0119.<\/p>\n\n\n\n<div style=\"height:20px\" aria-hidden=\"true\" class=\"wp-block-spacer\"><\/div>\n\n\n\n<div class=\"wp-block-buttons is-layout-flex wp-block-buttons-is-layout-flex\">\n<div class=\"wp-block-button is-style-primary\"><a class=\"wp-block-button__link has-luminous-dusk-gradient-background has-background wp-element-button\" href=\"http:\/\/welesrachunkowosc.pl\/index.php\/contact\/\">Porozmawiajmy jak mo\u017cemy pomoc Tobie<\/a><\/div>\n<\/div>\n\n\n\n<div style=\"height:20px\" aria-hidden=\"true\" class=\"wp-block-spacer\"><\/div>\n<\/div>\n\n\n\n<div class=\"wp-block-column is-vertically-aligned-center is-layout-flow wp-block-column-is-layout-flow\" style=\"flex-basis:50%\">\n<figure class=\"wp-block-image size-large\"><img loading=\"lazy\" decoding=\"async\" width=\"1024\" height=\"683\" src=\"http:\/\/welesrachunkowosc.pl\/wp-content\/uploads\/2023\/07\/pexels-karolina-grabowska-7680738-1024x683.jpg\" alt=\"\" class=\"wp-image-58\" srcset=\"https:\/\/welesrachunkowosc.pl\/wp-content\/uploads\/2023\/07\/pexels-karolina-grabowska-7680738-1024x683.jpg 1024w, https:\/\/welesrachunkowosc.pl\/wp-content\/uploads\/2023\/07\/pexels-karolina-grabowska-7680738-300x200.jpg 300w, https:\/\/welesrachunkowosc.pl\/wp-content\/uploads\/2023\/07\/pexels-karolina-grabowska-7680738-768x512.jpg 768w, https:\/\/welesrachunkowosc.pl\/wp-content\/uploads\/2023\/07\/pexels-karolina-grabowska-7680738-1536x1024.jpg 1536w, https:\/\/welesrachunkowosc.pl\/wp-content\/uploads\/2023\/07\/pexels-karolina-grabowska-7680738-930x620.jpg 930w, https:\/\/welesrachunkowosc.pl\/wp-content\/uploads\/2023\/07\/pexels-karolina-grabowska-7680738.jpg 1920w\" sizes=\"auto, (max-width: 1024px) 100vw, 1024px\" \/><\/figure>\n<\/div>\n<\/div>\n\n\n\n<div style=\"height:40px\" aria-hidden=\"true\" class=\"wp-block-spacer\"><\/div>\n<\/div><\/div>\n<\/div><\/div>\n\n\n\n<div class=\"wp-block-cover alignfull\" style=\"min-height:420px;aspect-ratio:unset;\"><span aria-hidden=\"true\" class=\"wp-block-cover__background has-nv-site-bg-background-color has-background-dim-100 has-background-dim\"><\/span><div class=\"wp-block-cover__inner-container is-layout-flow wp-block-cover-is-layout-flow\">\n<div style=\"height:80px\" aria-hidden=\"true\" class=\"wp-block-spacer\"><\/div>\n\n\n\n<div class=\"wp-block-columns is-layout-flex wp-container-core-columns-is-layout-9d6595d7 wp-block-columns-is-layout-flex\">\n<div class=\"wp-block-column ticss-4ce656f1 is-layout-flow wp-block-column-is-layout-flow\"><div class=\"wp-block-image icon-style is-style-rounded\">\n<figure class=\"aligncenter size-full is-resized\"><img loading=\"lazy\" decoding=\"async\" width=\"512\" height=\"512\" src=\"https:\/\/welesrachunkowosc.pl\/wp-content\/uploads\/2024\/12\/znak-wybory.png\" alt=\"\" class=\"wp-image-183\" style=\"width:48px;height:48px\" srcset=\"https:\/\/welesrachunkowosc.pl\/wp-content\/uploads\/2024\/12\/znak-wybory.png 512w, https:\/\/welesrachunkowosc.pl\/wp-content\/uploads\/2024\/12\/znak-wybory-300x300.png 300w, https:\/\/welesrachunkowosc.pl\/wp-content\/uploads\/2024\/12\/znak-wybory-150x150.png 150w\" sizes=\"auto, (max-width: 512px) 100vw, 512px\" \/><\/figure>\n<\/div>\n\n\n<div style=\"height:24px\" aria-hidden=\"true\" class=\"wp-block-spacer\"><\/div>\n\n\n\n<h3 class=\"wp-block-heading has-text-align-left has-text-align-center has-neve-text-color-color has-text-color\">Zawsze na bie\u017c\u0105co<\/h3>\n\n\n\n<p class=\"has-text-align-left has-neve-text-color-color has-text-color\" style=\"font-size:15px\">Nieustannie uzupe\u0142niamy nasz\u0105 wiedz\u0119, \u017ceby nie zosta\u0107 w tyle za ci\u0105g\u0142ymi zmianami podatkowymi.<\/p>\n\n\n\n<div style=\"height:20px\" aria-hidden=\"true\" class=\"wp-block-spacer\"><\/div>\n<\/div>\n\n\n\n<div class=\"wp-block-column ticss-f6fc7494 is-layout-flow wp-block-column-is-layout-flow\"><div class=\"wp-block-image icon-style is-style-rounded\">\n<figure class=\"aligncenter size-full is-resized\"><img loading=\"lazy\" decoding=\"async\" width=\"512\" height=\"512\" src=\"https:\/\/welesrachunkowosc.pl\/wp-content\/uploads\/2024\/12\/znak-wybory.png\" alt=\"\" class=\"wp-image-183\" style=\"width:48px;height:48px\" srcset=\"https:\/\/welesrachunkowosc.pl\/wp-content\/uploads\/2024\/12\/znak-wybory.png 512w, https:\/\/welesrachunkowosc.pl\/wp-content\/uploads\/2024\/12\/znak-wybory-300x300.png 300w, https:\/\/welesrachunkowosc.pl\/wp-content\/uploads\/2024\/12\/znak-wybory-150x150.png 150w\" sizes=\"auto, (max-width: 512px) 100vw, 512px\" \/><\/figure>\n<\/div>\n\n\n<div style=\"height:24px\" aria-hidden=\"true\" class=\"wp-block-spacer\"><\/div>\n\n\n\n<h3 class=\"wp-block-heading has-text-align-left has-text-align-center has-neve-text-color-color has-text-color\">Zaanga\u017cowanie<\/h3>\n\n\n\n<p class=\"has-text-align-left has-neve-text-color-color has-text-color\" style=\"font-size:15px\">Dzi\u0119ki zaanga\u017cowaniu w prac\u0119 nie zostawiamy naszych klient\u00f3w samych z ich pytaniami i problemami.<\/p>\n\n\n\n<div style=\"height:20px\" aria-hidden=\"true\" class=\"wp-block-spacer\"><\/div>\n<\/div>\n\n\n\n<div class=\"wp-block-column ticss-a5b4df29 is-layout-flow wp-block-column-is-layout-flow\"><div class=\"wp-block-image icon-style is-style-rounded\">\n<figure class=\"aligncenter size-full is-resized\"><img loading=\"lazy\" decoding=\"async\" width=\"512\" height=\"512\" src=\"https:\/\/welesrachunkowosc.pl\/wp-content\/uploads\/2024\/12\/znak-wybory.png\" alt=\"\" class=\"wp-image-183\" style=\"width:48px;height:48px\" srcset=\"https:\/\/welesrachunkowosc.pl\/wp-content\/uploads\/2024\/12\/znak-wybory.png 512w, https:\/\/welesrachunkowosc.pl\/wp-content\/uploads\/2024\/12\/znak-wybory-300x300.png 300w, https:\/\/welesrachunkowosc.pl\/wp-content\/uploads\/2024\/12\/znak-wybory-150x150.png 150w\" sizes=\"auto, (max-width: 512px) 100vw, 512px\" \/><\/figure>\n<\/div>\n\n\n<div style=\"height:24px\" aria-hidden=\"true\" class=\"wp-block-spacer\"><\/div>\n\n\n\n<h3 class=\"wp-block-heading has-text-align-left has-text-align-center has-neve-text-color-color has-text-color\">Wysokie kwalifikacje<\/h3>\n\n\n\n<p class=\"has-text-align-left has-neve-text-color-color has-text-color\" style=\"font-size:15px\">Stawiamy na solidne podstawy naszych specjalist\u00f3w, dlatego korzystamy wy\u0142\u0105cznie z certyfikowanych instytucji szkoleniowych.<\/p>\n\n\n\n<div style=\"height:20px\" aria-hidden=\"true\" class=\"wp-block-spacer\"><\/div>\n<\/div>\n<\/div>\n\n\n\n<div style=\"height:30px\" aria-hidden=\"true\" class=\"wp-block-spacer\"><\/div>\n<\/div><\/div>\n\n\n\n<div class=\"wp-block-cover alignfull\" style=\"min-height:600px;aspect-ratio:unset;\"><span aria-hidden=\"true\" class=\"wp-block-cover__background has-nv-light-bg-background-color has-background-dim-100 has-background-dim\"><\/span><div class=\"wp-block-cover__inner-container is-layout-flow wp-block-cover-is-layout-flow\">\n<div class=\"wp-block-group\"><div class=\"wp-block-group__inner-container is-layout-flow wp-block-group-is-layout-flow\">\n<div style=\"height:80px\" aria-hidden=\"true\" class=\"wp-block-spacer\"><\/div>\n\n\n\n<div class=\"wp-block-columns is-layout-flex wp-container-core-columns-is-layout-9d6595d7 wp-block-columns-is-layout-flex\">\n<div class=\"wp-block-column is-layout-flow wp-block-column-is-layout-flow\"><div class=\"wp-block-image is-style-default\">\n<figure class=\"aligncenter size-full\"><img loading=\"lazy\" decoding=\"async\" width=\"383\" height=\"562\" src=\"https:\/\/welesrachunkowosc.pl\/wp-content\/uploads\/2024\/12\/certyfikat-KK-III-stopien.png\" alt=\"\" class=\"wp-image-185\" srcset=\"https:\/\/welesrachunkowosc.pl\/wp-content\/uploads\/2024\/12\/certyfikat-KK-III-stopien.png 383w, https:\/\/welesrachunkowosc.pl\/wp-content\/uploads\/2024\/12\/certyfikat-KK-III-stopien-204x300.png 204w\" sizes=\"auto, (max-width: 383px) 100vw, 383px\" \/><\/figure>\n<\/div>\n\n\n<div style=\"height:24px\" aria-hidden=\"true\" class=\"wp-block-spacer\"><\/div>\n\n\n\n<div style=\"height:40px\" aria-hidden=\"true\" class=\"wp-block-spacer\"><\/div>\n<\/div>\n\n\n\n<div class=\"wp-block-column is-layout-flow wp-block-column-is-layout-flow\"><div class=\"wp-block-image is-style-default\">\n<figure class=\"aligncenter size-full\"><img loading=\"lazy\" decoding=\"async\" width=\"383\" height=\"562\" src=\"http:\/\/welesrachunkowosc.pl\/wp-content\/uploads\/2023\/08\/kadry-place-Lucyna-Zaza-383x562-1.png\" alt=\"\" class=\"wp-image-89\" srcset=\"https:\/\/welesrachunkowosc.pl\/wp-content\/uploads\/2023\/08\/kadry-place-Lucyna-Zaza-383x562-1.png 383w, https:\/\/welesrachunkowosc.pl\/wp-content\/uploads\/2023\/08\/kadry-place-Lucyna-Zaza-383x562-1-204x300.png 204w\" sizes=\"auto, (max-width: 383px) 100vw, 383px\" \/><\/figure>\n<\/div>\n\n\n<div style=\"height:24px\" aria-hidden=\"true\" class=\"wp-block-spacer\"><\/div>\n\n\n\n<div style=\"height:40px\" aria-hidden=\"true\" class=\"wp-block-spacer\"><\/div>\n<\/div>\n\n\n\n<div class=\"wp-block-column is-layout-flow wp-block-column-is-layout-flow\"><div class=\"wp-block-image is-style-default\">\n<figure class=\"aligncenter size-full\"><img loading=\"lazy\" decoding=\"async\" width=\"383\" height=\"562\" src=\"http:\/\/welesrachunkowosc.pl\/wp-content\/uploads\/2023\/08\/certyfikat-Lucyna-Zaza-383x562-1.png\" alt=\"\" class=\"wp-image-90\" srcset=\"https:\/\/welesrachunkowosc.pl\/wp-content\/uploads\/2023\/08\/certyfikat-Lucyna-Zaza-383x562-1.png 383w, https:\/\/welesrachunkowosc.pl\/wp-content\/uploads\/2023\/08\/certyfikat-Lucyna-Zaza-383x562-1-204x300.png 204w\" sizes=\"auto, (max-width: 383px) 100vw, 383px\" \/><\/figure>\n<\/div>\n\n\n<div style=\"height:24px\" aria-hidden=\"true\" class=\"wp-block-spacer\"><\/div>\n\n\n\n<div style=\"height:40px\" aria-hidden=\"true\" class=\"wp-block-spacer\"><\/div>\n<\/div>\n<\/div>\n\n\n\n<div style=\"height:40px\" aria-hidden=\"true\" class=\"wp-block-spacer\"><\/div>\n<\/div><\/div>\n<\/div><\/div>\n","protected":false},"excerpt":{"rendered":"","protected":false},"author":2,"featured_media":0,"parent":0,"menu_order":0,"comment_status":"closed","ping_status":"closed","template":"","meta":{"neve_meta_sidebar":"","neve_meta_container":"","neve_meta_enable_content_width":"on","neve_meta_content_width":100,"neve_meta_title_alignment":"","neve_meta_author_avatar":"","neve_post_elements_order":"","neve_meta_disable_header":"","neve_meta_disable_footer":"","neve_meta_disable_title":"on","footnotes":""},"class_list":["post-24","page","type-page","status-publish","hentry"],"_links":{"self":[{"href":"https:\/\/welesrachunkowosc.pl\/index.php\/wp-json\/wp\/v2\/pages\/24","targetHints":{"allow":["GET"]}}],"collection":[{"href":"https:\/\/welesrachunkowosc.pl\/index.php\/wp-json\/wp\/v2\/pages"}],"about":[{"href":"https:\/\/welesrachunkowosc.pl\/index.php\/wp-json\/wp\/v2\/types\/page"}],"author":[{"embeddable":true,"href":"https:\/\/welesrachunkowosc.pl\/index.php\/wp-json\/wp\/v2\/users\/2"}],"replies":[{"embeddable":true,"href":"https:\/\/welesrachunkowosc.pl\/index.php\/wp-json\/wp\/v2\/comments?post=24"}],"version-history":[{"count":8,"href":"https:\/\/welesrachunkowosc.pl\/index.php\/wp-json\/wp\/v2\/pages\/24\/revisions"}],"predecessor-version":[{"id":186,"href":"https:\/\/welesrachunkowosc.pl\/index.php\/wp-json\/wp\/v2\/pages\/24\/revisions\/186"}],"wp:attachment":[{"href":"https:\/\/welesrachunkowosc.pl\/index.php\/wp-json\/wp\/v2\/media?parent=24"}],"curies":[{"name":"wp","href":"https:\/\/api.w.org\/{rel}","templated":true}]}}