{"id":26,"date":"2023-07-27T14:27:46","date_gmt":"2023-07-27T12:27:46","guid":{"rendered":"http:\/\/welesrachunkowosc.pl\/?page_id=26"},"modified":"2023-08-04T14:23:11","modified_gmt":"2023-08-04T12:23:11","slug":"portofolio","status":"publish","type":"page","link":"https:\/\/welesrachunkowosc.pl\/index.php\/portofolio\/","title":{"rendered":"Oferta"},"content":{"rendered":"\n<div class=\"wp-block-cover alignfull\" style=\"min-height:300px;aspect-ratio:unset;\"><span aria-hidden=\"true\" class=\"wp-block-cover__background has-nv-site-bg-background-color has-background-dim-100 has-background-dim\"><\/span><div class=\"wp-block-cover__inner-container is-layout-flow wp-block-cover-is-layout-flow\">\n<div class=\"wp-block-group\"><div class=\"wp-block-group__inner-container is-layout-flow wp-block-group-is-layout-flow\">\n<h1 class=\"wp-block-heading has-text-align-left has-neve-text-color-color has-text-color\">Oferta<\/h1>\n<\/div><\/div>\n<\/div><\/div>\n\n\n\n<div class=\"wp-block-cover alignfull\" style=\"min-height:600px;aspect-ratio:unset;\"><span aria-hidden=\"true\" class=\"wp-block-cover__background has-nv-light-bg-background-color has-background-dim-100 has-background-dim\"><\/span><div class=\"wp-block-cover__inner-container is-layout-flow wp-block-cover-is-layout-flow\">\n<div class=\"wp-block-group\"><div class=\"wp-block-group__inner-container is-layout-flow wp-block-group-is-layout-flow\">\n<div style=\"height:80px\" aria-hidden=\"true\" class=\"wp-block-spacer\"><\/div>\n\n\n\n<div class=\"wp-block-columns are-vertically-aligned-center is-layout-flex wp-container-core-columns-is-layout-9d6595d7 wp-block-columns-is-layout-flex\">\n<div class=\"wp-block-column is-vertically-aligned-center is-layout-flow wp-block-column-is-layout-flow\" style=\"flex-basis:50%\">\n<figure class=\"wp-block-image size-large\"><img loading=\"lazy\" decoding=\"async\" width=\"1024\" height=\"683\" src=\"http:\/\/welesrachunkowosc.pl\/wp-content\/uploads\/2023\/08\/pexels-karolina-grabowska-7680753-1024x683.jpg\" alt=\"\" class=\"wp-image-123\" srcset=\"https:\/\/welesrachunkowosc.pl\/wp-content\/uploads\/2023\/08\/pexels-karolina-grabowska-7680753-1024x683.jpg 1024w, https:\/\/welesrachunkowosc.pl\/wp-content\/uploads\/2023\/08\/pexels-karolina-grabowska-7680753-300x200.jpg 300w, https:\/\/welesrachunkowosc.pl\/wp-content\/uploads\/2023\/08\/pexels-karolina-grabowska-7680753-768x512.jpg 768w, https:\/\/welesrachunkowosc.pl\/wp-content\/uploads\/2023\/08\/pexels-karolina-grabowska-7680753-1536x1024.jpg 1536w, https:\/\/welesrachunkowosc.pl\/wp-content\/uploads\/2023\/08\/pexels-karolina-grabowska-7680753-930x620.jpg 930w, https:\/\/welesrachunkowosc.pl\/wp-content\/uploads\/2023\/08\/pexels-karolina-grabowska-7680753.jpg 1920w\" sizes=\"auto, (max-width: 1024px) 100vw, 1024px\" \/><\/figure>\n\n\n\n<div style=\"height:24px\" aria-hidden=\"true\" class=\"wp-block-spacer\"><\/div>\n\n\n\n<h3 class=\"wp-block-heading has-text-align-center has-neve-text-color-color has-text-color\">Ksi\u0119gi handlowe<\/h3>\n\n\n\n<p class=\"has-text-align-center has-neve-text-color-color has-text-color\">Tzw. pe\u0142na ksi\u0119gowo\u015b\u0107 obejmuj\u0105ca du\u017ce podmioty i sp\u00f3\u0142ki handlowe.<\/p>\n\n\n\n<div style=\"height:28px\" aria-hidden=\"true\" class=\"wp-block-spacer\"><\/div>\n\n\n\n<div style=\"height:40px\" aria-hidden=\"true\" class=\"wp-block-spacer\"><\/div>\n<\/div>\n\n\n\n<div class=\"wp-block-column is-vertically-aligned-center is-layout-flow wp-block-column-is-layout-flow\" style=\"flex-basis:50%\"><div class=\"wp-block-image\">\n<figure class=\"aligncenter size-large\"><img loading=\"lazy\" decoding=\"async\" width=\"1024\" height=\"683\" src=\"http:\/\/welesrachunkowosc.pl\/wp-content\/uploads\/2023\/08\/pexels-karolina-grabowska-7680751-1024x683.jpg\" alt=\"\" class=\"wp-image-125\" srcset=\"https:\/\/welesrachunkowosc.pl\/wp-content\/uploads\/2023\/08\/pexels-karolina-grabowska-7680751-1024x683.jpg 1024w, https:\/\/welesrachunkowosc.pl\/wp-content\/uploads\/2023\/08\/pexels-karolina-grabowska-7680751-300x200.jpg 300w, https:\/\/welesrachunkowosc.pl\/wp-content\/uploads\/2023\/08\/pexels-karolina-grabowska-7680751-768x512.jpg 768w, https:\/\/welesrachunkowosc.pl\/wp-content\/uploads\/2023\/08\/pexels-karolina-grabowska-7680751-1536x1024.jpg 1536w, https:\/\/welesrachunkowosc.pl\/wp-content\/uploads\/2023\/08\/pexels-karolina-grabowska-7680751-930x620.jpg 930w, https:\/\/welesrachunkowosc.pl\/wp-content\/uploads\/2023\/08\/pexels-karolina-grabowska-7680751.jpg 1920w\" sizes=\"auto, (max-width: 1024px) 100vw, 1024px\" \/><\/figure>\n<\/div>\n\n\n<div style=\"height:24px\" aria-hidden=\"true\" class=\"wp-block-spacer\"><\/div>\n\n\n\n<h3 class=\"wp-block-heading has-text-align-center has-neve-text-color-color has-text-color\">KPiR<\/h3>\n\n\n\n<p class=\"has-text-align-center has-neve-text-color-color has-text-color\">Ksi\u0119ga przychod\u00f3w i rozchod\u00f3w, dla przedsi\u0119biorc\u00f3w prowadz\u0105cych dzia\u0142alno\u015b\u0107 gospodarcz\u0105, kt\u00f3rzy chc\u0105 odlicza\u0107 koszty.<\/p>\n\n\n\n<div style=\"height:40px\" aria-hidden=\"true\" class=\"wp-block-spacer\"><\/div>\n<\/div>\n<\/div>\n\n\n\n<div style=\"height:40px\" aria-hidden=\"true\" class=\"wp-block-spacer\"><\/div>\n<\/div><\/div>\n<\/div><\/div>\n\n\n\n<div class=\"wp-block-cover alignfull\" style=\"min-height:600px;aspect-ratio:unset;\"><span aria-hidden=\"true\" class=\"wp-block-cover__background has-nv-site-bg-background-color has-background-dim-100 has-background-dim\"><\/span><div class=\"wp-block-cover__inner-container is-layout-flow wp-block-cover-is-layout-flow\">\n<div class=\"wp-block-group\"><div class=\"wp-block-group__inner-container is-layout-flow wp-block-group-is-layout-flow\">\n<div style=\"height:80px\" aria-hidden=\"true\" class=\"wp-block-spacer\"><\/div>\n\n\n\n<div class=\"wp-block-columns are-vertically-aligned-center is-layout-flex wp-container-core-columns-is-layout-9d6595d7 wp-block-columns-is-layout-flex\">\n<div class=\"wp-block-column is-vertically-aligned-center is-layout-flow wp-block-column-is-layout-flow\" style=\"flex-basis:50%\">\n<figure class=\"wp-block-image size-large\"><img loading=\"lazy\" decoding=\"async\" width=\"1024\" height=\"683\" src=\"https:\/\/welesrachunkowosc.pl\/wp-content\/uploads\/2023\/08\/pexels-karolina-grabowska-7680696-1024x683.jpg\" alt=\"\" class=\"wp-image-127\" srcset=\"https:\/\/welesrachunkowosc.pl\/wp-content\/uploads\/2023\/08\/pexels-karolina-grabowska-7680696-1024x683.jpg 1024w, https:\/\/welesrachunkowosc.pl\/wp-content\/uploads\/2023\/08\/pexels-karolina-grabowska-7680696-300x200.jpg 300w, https:\/\/welesrachunkowosc.pl\/wp-content\/uploads\/2023\/08\/pexels-karolina-grabowska-7680696-768x512.jpg 768w, https:\/\/welesrachunkowosc.pl\/wp-content\/uploads\/2023\/08\/pexels-karolina-grabowska-7680696-1536x1024.jpg 1536w, https:\/\/welesrachunkowosc.pl\/wp-content\/uploads\/2023\/08\/pexels-karolina-grabowska-7680696-930x620.jpg 930w, https:\/\/welesrachunkowosc.pl\/wp-content\/uploads\/2023\/08\/pexels-karolina-grabowska-7680696.jpg 1920w\" sizes=\"auto, (max-width: 1024px) 100vw, 1024px\" \/><\/figure>\n\n\n\n<div style=\"height:24px\" aria-hidden=\"true\" class=\"wp-block-spacer\"><\/div>\n\n\n\n<h3 class=\"wp-block-heading has-text-align-center has-neve-text-color-color has-text-color\">Rycza\u0142t ewidencjonowany<\/h3>\n\n\n\n<p class=\"has-text-align-center has-neve-text-color-color has-text-color\">Rycza\u0142t od przychod\u00f3w ewidencjonowanych to prosta forma opodatkowania dla os\u00f3b nie odliczaj\u0105cych koszt\u00f3w od przychodu.<\/p>\n\n\n\n<div style=\"height:28px\" aria-hidden=\"true\" class=\"wp-block-spacer\"><\/div>\n\n\n\n<div style=\"height:40px\" aria-hidden=\"true\" class=\"wp-block-spacer\"><\/div>\n<\/div>\n\n\n\n<div class=\"wp-block-column is-vertically-aligned-center is-layout-flow wp-block-column-is-layout-flow\" style=\"flex-basis:50%\">\n<figure class=\"wp-block-image size-large\"><img loading=\"lazy\" decoding=\"async\" width=\"1024\" height=\"683\" src=\"http:\/\/welesrachunkowosc.pl\/wp-content\/uploads\/2023\/08\/pexels-karolina-grabowska-7680697-2-1024x683.jpg\" alt=\"\" class=\"wp-image-131\" srcset=\"https:\/\/welesrachunkowosc.pl\/wp-content\/uploads\/2023\/08\/pexels-karolina-grabowska-7680697-2-1024x683.jpg 1024w, https:\/\/welesrachunkowosc.pl\/wp-content\/uploads\/2023\/08\/pexels-karolina-grabowska-7680697-2-300x200.jpg 300w, https:\/\/welesrachunkowosc.pl\/wp-content\/uploads\/2023\/08\/pexels-karolina-grabowska-7680697-2-768x512.jpg 768w, https:\/\/welesrachunkowosc.pl\/wp-content\/uploads\/2023\/08\/pexels-karolina-grabowska-7680697-2-1536x1024.jpg 1536w, https:\/\/welesrachunkowosc.pl\/wp-content\/uploads\/2023\/08\/pexels-karolina-grabowska-7680697-2-930x620.jpg 930w, https:\/\/welesrachunkowosc.pl\/wp-content\/uploads\/2023\/08\/pexels-karolina-grabowska-7680697-2.jpg 1920w\" sizes=\"auto, (max-width: 1024px) 100vw, 1024px\" \/><\/figure>\n\n\n\n<div style=\"height:24px\" aria-hidden=\"true\" class=\"wp-block-spacer\"><\/div>\n\n\n\n<h3 class=\"wp-block-heading has-text-align-center has-neve-text-color-color has-text-color\">Kadry i p\u0142ace<\/h3>\n\n\n\n<p class=\"has-text-align-center has-neve-text-color-color has-text-color\">Rozliczenia wynagrodze\u0144 i \u015bwiadcze\u0144 dla pracownik\u00f3w, deklaracje ZUS, teczka pracownika zawieraj\u0105ca akta niezb\u0119dne do prawid\u0142owych rozlicze\u0144.<\/p>\n\n\n\n<div style=\"height:40px\" aria-hidden=\"true\" class=\"wp-block-spacer\"><\/div>\n<\/div>\n<\/div>\n\n\n\n<div style=\"height:40px\" aria-hidden=\"true\" class=\"wp-block-spacer\"><\/div>\n<\/div><\/div>\n<\/div><\/div>\n\n\n\n<div class=\"wp-block-cover alignfull\" style=\"min-height:600px;aspect-ratio:unset;\"><span aria-hidden=\"true\" class=\"wp-block-cover__background has-nv-light-bg-background-color has-background-dim-100 has-background-dim\"><\/span><div class=\"wp-block-cover__inner-container is-layout-flow wp-block-cover-is-layout-flow\">\n<div class=\"wp-block-group\"><div class=\"wp-block-group__inner-container is-layout-flow wp-block-group-is-layout-flow\">\n<div style=\"height:80px\" aria-hidden=\"true\" class=\"wp-block-spacer\"><\/div>\n\n\n\n<div class=\"wp-block-columns are-vertically-aligned-center is-layout-flex wp-container-core-columns-is-layout-9d6595d7 wp-block-columns-is-layout-flex\">\n<div class=\"wp-block-column is-vertically-aligned-center is-layout-flow wp-block-column-is-layout-flow\" style=\"flex-basis:50%\">\n<figure class=\"wp-block-image size-large\"><img loading=\"lazy\" decoding=\"async\" width=\"1024\" height=\"683\" src=\"https:\/\/welesrachunkowosc.pl\/wp-content\/uploads\/2023\/08\/pexels-karolina-grabowska-7876088-1024x683.jpg\" alt=\"\" class=\"wp-image-133\" srcset=\"https:\/\/welesrachunkowosc.pl\/wp-content\/uploads\/2023\/08\/pexels-karolina-grabowska-7876088-1024x683.jpg 1024w, https:\/\/welesrachunkowosc.pl\/wp-content\/uploads\/2023\/08\/pexels-karolina-grabowska-7876088-300x200.jpg 300w, https:\/\/welesrachunkowosc.pl\/wp-content\/uploads\/2023\/08\/pexels-karolina-grabowska-7876088-768x512.jpg 768w, https:\/\/welesrachunkowosc.pl\/wp-content\/uploads\/2023\/08\/pexels-karolina-grabowska-7876088-1536x1024.jpg 1536w, https:\/\/welesrachunkowosc.pl\/wp-content\/uploads\/2023\/08\/pexels-karolina-grabowska-7876088-930x620.jpg 930w, https:\/\/welesrachunkowosc.pl\/wp-content\/uploads\/2023\/08\/pexels-karolina-grabowska-7876088.jpg 1920w\" sizes=\"auto, (max-width: 1024px) 100vw, 1024px\" \/><\/figure>\n\n\n\n<div style=\"height:24px\" aria-hidden=\"true\" class=\"wp-block-spacer\"><\/div>\n\n\n\n<h3 class=\"wp-block-heading has-text-align-center has-neve-text-color-color has-text-color\">Doradztwo prawne<\/h3>\n\n\n\n<p class=\"has-text-align-center has-neve-text-color-color has-text-color\">Nasz partner, renomowana kancelaria prawna przygotuje kontrakty B2B oraz inne umowy, pomo\u017ce w sprawach s\u0105dowych oraz za\u0142o\u017ceniu sp\u00f3\u0142ki.<\/p>\n\n\n\n<div style=\"height:28px\" aria-hidden=\"true\" class=\"wp-block-spacer\"><\/div>\n\n\n\n<div class=\"wp-block-buttons is-content-justification-center is-layout-flex wp-container-core-buttons-is-layout-16018d1d wp-block-buttons-is-layout-flex\"><\/div>\n\n\n\n<div style=\"height:40px\" aria-hidden=\"true\" class=\"wp-block-spacer\"><\/div>\n<\/div>\n\n\n\n<div class=\"wp-block-column is-vertically-aligned-center is-layout-flow wp-block-column-is-layout-flow\" style=\"flex-basis:50%\"><div class=\"wp-block-image\">\n<figure class=\"aligncenter size-large\"><img loading=\"lazy\" decoding=\"async\" width=\"1024\" height=\"683\" src=\"https:\/\/welesrachunkowosc.pl\/wp-content\/uploads\/2023\/08\/pexels-karolina-grabowska-7681218-1024x683.jpg\" alt=\"\" class=\"wp-image-134\" srcset=\"https:\/\/welesrachunkowosc.pl\/wp-content\/uploads\/2023\/08\/pexels-karolina-grabowska-7681218-1024x683.jpg 1024w, https:\/\/welesrachunkowosc.pl\/wp-content\/uploads\/2023\/08\/pexels-karolina-grabowska-7681218-300x200.jpg 300w, https:\/\/welesrachunkowosc.pl\/wp-content\/uploads\/2023\/08\/pexels-karolina-grabowska-7681218-768x512.jpg 768w, https:\/\/welesrachunkowosc.pl\/wp-content\/uploads\/2023\/08\/pexels-karolina-grabowska-7681218-1536x1024.jpg 1536w, https:\/\/welesrachunkowosc.pl\/wp-content\/uploads\/2023\/08\/pexels-karolina-grabowska-7681218-930x620.jpg 930w, https:\/\/welesrachunkowosc.pl\/wp-content\/uploads\/2023\/08\/pexels-karolina-grabowska-7681218.jpg 1920w\" sizes=\"auto, (max-width: 1024px) 100vw, 1024px\" \/><\/figure>\n<\/div>\n\n\n<div style=\"height:24px\" aria-hidden=\"true\" class=\"wp-block-spacer\"><\/div>\n\n\n\n<h3 class=\"wp-block-heading has-text-align-center has-neve-text-color-color has-text-color\">BHP<\/h3>\n\n\n\n<p class=\"has-text-align-center has-neve-text-color-color has-text-color\">Nasz partner, specjalistka ds. BHP i PRO\u017b przeprowadzi szkolenia pracownicze, przygotuje instrukcje BHP i PPO\u017b oraz doradzi w zakresie bezpiecze\u0144stwa pracy i po\u017carowego w firmie.<\/p>\n\n\n\n<div style=\"height:40px\" aria-hidden=\"true\" class=\"wp-block-spacer\"><\/div>\n<\/div>\n<\/div>\n\n\n\n<div style=\"height:40px\" aria-hidden=\"true\" class=\"wp-block-spacer\"><\/div>\n<\/div><\/div>\n<\/div><\/div>\n\n\n\n<div class=\"wp-block-cover alignfull\" style=\"min-height:300px;aspect-ratio:unset;\"><span aria-hidden=\"true\" class=\"wp-block-cover__background has-nv-dark-bg-background-color has-background-dim-100 has-background-dim\"><\/span><div class=\"wp-block-cover__inner-container is-layout-flow wp-block-cover-is-layout-flow\">\n<div style=\"height:80px\" aria-hidden=\"true\" class=\"wp-block-spacer\"><\/div>\n\n\n\n<div style=\"height:24px\" aria-hidden=\"true\" class=\"wp-block-spacer\"><\/div>\n\n\n\n<h3 class=\"wp-block-heading has-text-align-center\">Masz pytania? Skontaktuj si\u0119 z nami lub odwied\u017a nas w biurze.<\/h3>\n\n\n\n<p class=\"has-text-align-center\">Nie znalaz\u0142e\u015b interesuj\u0105cej Ci\u0119 us\u0142ugi? Daj nam zna\u0107, postaramy si\u0119 znale\u017a\u0107 na to rad\u0119.<\/p>\n\n\n\n<p class=\"has-text-align-center has-nv-text-dark-bg-color has-text-color\"><strong>biuro@welerachunkowosc.pl <\/strong><\/p>\n\n\n\n<p class=\"has-text-align-center\">881 605 167<\/p>\n\n\n\n<div class=\"wp-block-buttons is-content-justification-center is-layout-flex wp-container-core-buttons-is-layout-16018d1d wp-block-buttons-is-layout-flex\">\n<div class=\"wp-block-button\"><a class=\"wp-block-button__link has-luminous-dusk-gradient-background has-background has-text-align-left wp-element-button\" href=\"http:\/\/welesrachunkowosc.pl\/index.php\/contact\/\">Kontakt<\/a><\/div>\n<\/div>\n\n\n\n<div style=\"height:80px\" aria-hidden=\"true\" class=\"wp-block-spacer\"><\/div>\n\n\n\n<div class=\"wp-block-buttons is-layout-flex wp-block-buttons-is-layout-flex\"><\/div>\n<\/div><\/div>\n","protected":false},"excerpt":{"rendered":"","protected":false},"author":2,"featured_media":0,"parent":0,"menu_order":0,"comment_status":"closed","ping_status":"closed","template":"","meta":{"neve_meta_sidebar":"","neve_meta_container":"","neve_meta_enable_content_width":"on","neve_meta_content_width":100,"neve_meta_title_alignment":"","neve_meta_author_avatar":"","neve_post_elements_order":"","neve_meta_disable_header":"","neve_meta_disable_footer":"","neve_meta_disable_title":"on","footnotes":""},"class_list":["post-26","page","type-page","status-publish","hentry"],"_links":{"self":[{"href":"https:\/\/welesrachunkowosc.pl\/index.php\/wp-json\/wp\/v2\/pages\/26","targetHints":{"allow":["GET"]}}],"collection":[{"href":"https:\/\/welesrachunkowosc.pl\/index.php\/wp-json\/wp\/v2\/pages"}],"about":[{"href":"https:\/\/welesrachunkowosc.pl\/index.php\/wp-json\/wp\/v2\/types\/page"}],"author":[{"embeddable":true,"href":"https:\/\/welesrachunkowosc.pl\/index.php\/wp-json\/wp\/v2\/users\/2"}],"replies":[{"embeddable":true,"href":"https:\/\/welesrachunkowosc.pl\/index.php\/wp-json\/wp\/v2\/comments?post=26"}],"version-history":[{"count":9,"href":"https:\/\/welesrachunkowosc.pl\/index.php\/wp-json\/wp\/v2\/pages\/26\/revisions"}],"predecessor-version":[{"id":139,"href":"https:\/\/welesrachunkowosc.pl\/index.php\/wp-json\/wp\/v2\/pages\/26\/revisions\/139"}],"wp:attachment":[{"href":"https:\/\/welesrachunkowosc.pl\/index.php\/wp-json\/wp\/v2\/media?parent=26"}],"curies":[{"name":"wp","href":"https:\/\/api.w.org\/{rel}","templated":true}]}}